{"id":12,"date":"2019-01-05T18:42:21","date_gmt":"2019-01-05T17:42:21","guid":{"rendered":"http:\/\/studipass.net\/?page_id=12"},"modified":"2019-01-06T19:34:10","modified_gmt":"2019-01-06T18:34:10","slug":"une-section-de-page-daccueil","status":"publish","type":"page","link":"https:\/\/studipass.net\/index.php\/une-section-de-page-daccueil\/","title":{"rendered":"LE PRINCIPE"},"content":{"rendered":"\t\t<div data-elementor-type=\"wp-post\" data-elementor-id=\"12\" class=\"elementor elementor-12 elementor-bc-flex-widget\" data-elementor-post-type=\"page\">\n\t\t\t\t\t\t\t\t\t<section class=\"elementor-section elementor-top-section elementor-element elementor-element-10c93c7a elementor-section-boxed elementor-section-height-default elementor-section-height-default\" data-id=\"10c93c7a\" data-element_type=\"section\">\n\t\t\t\t\t\t<div class=\"elementor-container elementor-column-gap-default\">\n\t\t\t\t\t<div class=\"elementor-column elementor-col-100 elementor-top-column elementor-element elementor-element-2f01aa7f\" data-id=\"2f01aa7f\" data-element_type=\"column\">\n\t\t\t<div class=\"elementor-widget-wrap elementor-element-populated\">\n\t\t\t\t\t\t\t\t<div class=\"elementor-element elementor-element-7473d378 elementor-widget elementor-widget-text-editor\" data-id=\"7473d378\" data-element_type=\"widget\" data-widget_type=\"text-editor.default\">\n\t\t\t\t<div class=\"elementor-widget-container\">\n\t\t\t\t\t\t\t<p>La carte STUDIPASS est GRATUITE et exclusivement R\u00c9SERV\u00c9E AUX R\u00c9SIDENTS STUDILODGE &amp; R\u00c9SILODGE.<\/p><p>N&#8217;h\u00e9sitez pas \u00e0 la demander au responsable de votre r\u00e9sidence.\u00a0<\/p><p>\u00a0<\/p>\t\t\t\t\t\t<\/div>\n\t\t\t\t<\/div>\n\t\t\t\t\t<\/div>\n\t\t<\/div>\n\t\t\t\t\t\t\t<\/div>\n\t\t<\/section>\n\t\t\t\t\t\t\t<\/div>\n\t\t","protected":false},"excerpt":{"rendered":"<p>La carte STUDIPASS est GRATUITE et exclusivement R\u00c9SERV\u00c9E AUX R\u00c9SIDENTS STUDILODGE &amp; R\u00c9SILODGE. N&#8217;h\u00e9sitez pas \u00e0 la demander au responsable de votre r\u00e9sidence.\u00a0 \u00a0<\/p>\n","protected":false},"author":1,"featured_media":44,"parent":0,"menu_order":0,"comment_status":"closed","ping_status":"closed","template":"","meta":{"footnotes":""},"_links":{"self":[{"href":"https:\/\/studipass.net\/index.php\/wp-json\/wp\/v2\/pages\/12"}],"collection":[{"href":"https:\/\/studipass.net\/index.php\/wp-json\/wp\/v2\/pages"}],"about":[{"href":"https:\/\/studipass.net\/index.php\/wp-json\/wp\/v2\/types\/page"}],"author":[{"embeddable":true,"href":"https:\/\/studipass.net\/index.php\/wp-json\/wp\/v2\/users\/1"}],"replies":[{"embeddable":true,"href":"https:\/\/studipass.net\/index.php\/wp-json\/wp\/v2\/comments?post=12"}],"version-history":[{"count":3,"href":"https:\/\/studipass.net\/index.php\/wp-json\/wp\/v2\/pages\/12\/revisions"}],"predecessor-version":[{"id":79,"href":"https:\/\/studipass.net\/index.php\/wp-json\/wp\/v2\/pages\/12\/revisions\/79"}],"wp:featuredmedia":[{"embeddable":true,"href":"https:\/\/studipass.net\/index.php\/wp-json\/wp\/v2\/media\/44"}],"wp:attachment":[{"href":"https:\/\/studipass.net\/index.php\/wp-json\/wp\/v2\/media?parent=12"}],"curies":[{"name":"wp","href":"https:\/\/api.w.org\/{rel}","templated":true}]}}